{"id":36,"date":"2021-04-27T09:12:09","date_gmt":"2021-04-27T09:12:09","guid":{"rendered":"http:\/\/www.alexscheurer.at\/?page_id=36"},"modified":"2021-04-27T10:06:57","modified_gmt":"2021-04-27T10:06:57","slug":"unsere-mission","status":"publish","type":"page","link":"http:\/\/www.alexscheurer.at\/?page_id=36","title":{"rendered":"MEINE MISSION"},"content":{"rendered":"\n<p>Ich kreiere leidenschaftlich gerne kleine Image Filme f\u00fcr Firmen, Werbevideos und Bewegtbild-Beitr\u00e4ge f\u00fcr Social Media. <\/p>\n\n\n\n<p><\/p>\n","protected":false},"excerpt":{"rendered":"<p>Ich kreiere leidenschaftlich gerne kleine Image Filme f\u00fcr Firmen, Werbevideos und Bewegtbild-Beitr\u00e4ge f\u00fcr Social Media.<\/p>\n","protected":false},"author":1,"featured_media":0,"parent":0,"menu_order":0,"comment_status":"closed","ping_status":"closed","template":"","meta":[],"_links":{"self":[{"href":"http:\/\/www.alexscheurer.at\/index.php?rest_route=\/wp\/v2\/pages\/36"}],"collection":[{"href":"http:\/\/www.alexscheurer.at\/index.php?rest_route=\/wp\/v2\/pages"}],"about":[{"href":"http:\/\/www.alexscheurer.at\/index.php?rest_route=\/wp\/v2\/types\/page"}],"author":[{"embeddable":true,"href":"http:\/\/www.alexscheurer.at\/index.php?rest_route=\/wp\/v2\/users\/1"}],"replies":[{"embeddable":true,"href":"http:\/\/www.alexscheurer.at\/index.php?rest_route=%2Fwp%2Fv2%2Fcomments&post=36"}],"version-history":[{"count":6,"href":"http:\/\/www.alexscheurer.at\/index.php?rest_route=\/wp\/v2\/pages\/36\/revisions"}],"predecessor-version":[{"id":56,"href":"http:\/\/www.alexscheurer.at\/index.php?rest_route=\/wp\/v2\/pages\/36\/revisions\/56"}],"wp:attachment":[{"href":"http:\/\/www.alexscheurer.at\/index.php?rest_route=%2Fwp%2Fv2%2Fmedia&parent=36"}],"curies":[{"name":"wp","href":"https:\/\/api.w.org\/{rel}","templated":true}]}}