{"id":82,"date":"2021-04-27T11:37:53","date_gmt":"2021-04-27T11:37:53","guid":{"rendered":"http:\/\/www.alexscheurer.at\/?page_id=82"},"modified":"2021-04-27T11:37:53","modified_gmt":"2021-04-27T11:37:53","slug":"impressum","status":"publish","type":"page","link":"http:\/\/www.alexscheurer.at\/?page_id=82","title":{"rendered":"IMPRESSUM"},"content":{"rendered":"\n<p>Informationspflicht laut \u00a75 E-Commerce Gesetz, \u00a714 Unternehmensgesetzbuch, \u00a763 Gewerbeordnung und Offenlegungspflicht laut \u00a725 Mediengesetz.<\/p>\n\n\n\n<p>Inhaber der Seite www.alexscheurer.at ist Mag. Alexander Scheurer.<\/p>\n\n\n\n<p><strong>E-Mail:<\/strong>\u00a0office@alexscheurer.at<\/p>\n\n\n\n<h2>EU-Streitschlichtung<\/h2>\n\n\n\n<p>Angaben zur Online-Streitbeilegung: Verbraucher haben die M\u00f6glichkeit, Beschwerden an die OnlineStreitbeilegungsplattform der EU zu richten:&nbsp;<a href=\"https:\/\/ec.europa.eu\/consumers\/odr\/main\/index.cfm?event=main.home2.show&amp;lng=DE\">https:\/\/ec.europa.eu\/consumers\/odr\/main\/index.cfm?event=main.home2.show&amp;lng=DE<\/a>. Sie k\u00f6nnen allf\u00e4llige Beschwerde auch an die oben angegebene E-Mail-Adresse richten.<\/p>\n\n\n\n<h2>Haftung f\u00fcr Inhalte dieser Webseite<\/h2>\n\n\n\n<p>Ich entwickle die Inhalte dieser Seite st\u00e4ndig weiter und bem\u00fche mich korrekte und aktuelle Informationen bereitzustellen. Leider kann ich keine Haftung f\u00fcr die Korrektheit aller Inhalte auf dieser Webseite \u00fcbernehmen, speziell f\u00fcr jene, die seitens Dritter bereitgestellt werden. Sollten Ihnen problematische oder rechtswidrige Inhalte auffallen, bitte ich Sie mich umgehend zu kontaktieren, Sie finden die Kontaktdaten oben angef\u00fchrt.<\/p>\n\n\n\n<h2>Haftung f\u00fcr Links auf dieser Webseite<\/h2>\n\n\n\n<p>Meine Webseite enth\u00e4lt Links zu anderen Webseiten f\u00fcr deren Inhalt ich nicht verantwortlich bin. Wenn Ihnen rechtswidrige Links auf meiner Webseite auffallen, bitte ich Sie mich zu kontaktieren.<\/p>\n\n\n\n<h2>Urheberrechtshinweis<\/h2>\n\n\n\n<p>Alle Inhalte dieser Webseite (Bilder, Fotos, Texte, Videos) unterliegen dem Urheberrecht. Falls notwendig, werde ich die unerlaubte Nutzung von Teilen der Inhalte meiner Seite rechtlich verfolgen.<\/p>\n\n\n\n<h2>Bildernachweis<\/h2>\n\n\n\n<p>Die Bilder, Fotos und Grafiken auf dieser Webseite sind urheberrechtlich gesch\u00fctzt.<\/p>\n\n\n\n<p><\/p>\n","protected":false},"excerpt":{"rendered":"<p>Informationspflicht laut \u00a75 E-Commerce Gesetz, \u00a714 Unternehmensgesetzbuch, \u00a763 Gewerbeordnung und Offenlegungspflicht laut \u00a725 Mediengesetz. Inhaber der Seite www.alexscheurer.at ist Mag. Alexander Scheurer. E-Mail:\u00a0office@alexscheurer.at EU-Streitschlichtung Angaben zur Online-Streitbeilegung: Verbraucher haben die M\u00f6glichkeit, Beschwerden an die OnlineStreitbeilegungsplattform der EU zu richten:&nbsp;https:\/\/ec.europa.eu\/consumers\/odr\/main\/index.cfm?event=main.home2.show&amp;lng=DE. Sie k\u00f6nnen allf\u00e4llige Beschwerde auch an die oben angegebene E-Mail-Adresse richten. Haftung f\u00fcr Inhalte dieser Webseite&hellip; <br \/> <a class=\"read-more\" href=\"http:\/\/www.alexscheurer.at\/?page_id=82\">Weiterlesen<\/a><\/p>\n","protected":false},"author":1,"featured_media":0,"parent":0,"menu_order":0,"comment_status":"closed","ping_status":"closed","template":"","meta":[],"_links":{"self":[{"href":"http:\/\/www.alexscheurer.at\/index.php?rest_route=\/wp\/v2\/pages\/82"}],"collection":[{"href":"http:\/\/www.alexscheurer.at\/index.php?rest_route=\/wp\/v2\/pages"}],"about":[{"href":"http:\/\/www.alexscheurer.at\/index.php?rest_route=\/wp\/v2\/types\/page"}],"author":[{"embeddable":true,"href":"http:\/\/www.alexscheurer.at\/index.php?rest_route=\/wp\/v2\/users\/1"}],"replies":[{"embeddable":true,"href":"http:\/\/www.alexscheurer.at\/index.php?rest_route=%2Fwp%2Fv2%2Fcomments&post=82"}],"version-history":[{"count":1,"href":"http:\/\/www.alexscheurer.at\/index.php?rest_route=\/wp\/v2\/pages\/82\/revisions"}],"predecessor-version":[{"id":84,"href":"http:\/\/www.alexscheurer.at\/index.php?rest_route=\/wp\/v2\/pages\/82\/revisions\/84"}],"wp:attachment":[{"href":"http:\/\/www.alexscheurer.at\/index.php?rest_route=%2Fwp%2Fv2%2Fmedia&parent=82"}],"curies":[{"name":"wp","href":"https:\/\/api.w.org\/{rel}","templated":true}]}}